{"id":142,"date":"2022-06-28T15:46:25","date_gmt":"2022-06-28T15:46:25","guid":{"rendered":"http:\/\/virtual.utrng.edu.mx\/?page_id=142"},"modified":"2022-08-30T23:56:39","modified_gmt":"2022-08-31T04:56:39","slug":"lic-en-proteccion-civil-y-emergencias","status":"publish","type":"page","link":"https:\/\/virtual.utrng.edu.mx\/?page_id=142","title":{"rendered":"Lic. En Protecci\u00f3n Civil y Emergencias"},"content":{"rendered":"\t\t<div data-elementor-type=\"wp-page\" data-elementor-id=\"142\" class=\"elementor elementor-142\">\n\t\t\t\t\t\t\t\t\t<section class=\"elementor-section elementor-top-section elementor-element elementor-element-1190cdea elementor-section-boxed elementor-section-height-default elementor-section-height-default\" data-id=\"1190cdea\" data-element_type=\"section\">\n\t\t\t\t\t\t<div class=\"elementor-container elementor-column-gap-default\">\n\t\t\t\t\t<div class=\"elementor-column elementor-col-100 elementor-top-column elementor-element elementor-element-7acfacb1\" data-id=\"7acfacb1\" data-element_type=\"column\">\n\t\t\t<div class=\"elementor-widget-wrap elementor-element-populated\">\n\t\t\t\t\t\t\t\t<div class=\"elementor-element elementor-element-6359218b elementor-widget elementor-widget-text-editor\" data-id=\"6359218b\" data-element_type=\"widget\" data-widget_type=\"text-editor.default\">\n\t\t\t\t<div class=\"elementor-widget-container\">\n\t\t\t<style>\/*! elementor - v3.6.5 - 27-04-2022 *\/\n.elementor-widget-text-editor.elementor-drop-cap-view-stacked .elementor-drop-cap{background-color:#818a91;color:#fff}.elementor-widget-text-editor.elementor-drop-cap-view-framed .elementor-drop-cap{color:#818a91;border:3px solid;background-color:transparent}.elementor-widget-text-editor:not(.elementor-drop-cap-view-default) .elementor-drop-cap{margin-top:8px}.elementor-widget-text-editor:not(.elementor-drop-cap-view-default) .elementor-drop-cap-letter{width:1em;height:1em}.elementor-widget-text-editor .elementor-drop-cap{float:left;text-align:center;line-height:1;font-size:50px}.elementor-widget-text-editor .elementor-drop-cap-letter{display:inline-block}<\/style>\t\t\t\t<!-- wp:heading {\"level\":1} -->\n<h1><span style=\"color: #000000;\">Competencias Profesionales<\/span><\/h1>\n<p><span style=\"color: #000000;\"><!-- \/wp:heading --><!-- wp:paragraph {\"align\":\"center\"} --><\/span><\/p>\n<p class=\"has-text-align-center\"><span style=\"color: #000000;\"><em>Licenciatura en Protecci\u00f3n Civil Y Emergencias<\/em><\/span><\/p>\n<p><span style=\"color: #000000;\"><!-- \/wp:paragraph --><!-- wp:paragraph --><\/span><\/p>\n<p><span style=\"color: #000000;\">Como profesional te podr\u00e1s desempe\u00f1ar en empresas p\u00fablicas y privadas donde se acumulen trabajadores y por la naturaleza de su trabajo signifiquen riesgo a las personas, adem\u00e1s empresas dedicadas a la protecci\u00f3n civil, emergencias y desastres, construcci\u00f3n, seguridad e higiene, b\u00fasqueda y rescate, escuelas, lugares de esparcimiento, entre otras.<\/span><\/p>\n<p><span style=\"color: #000000;\"><!-- \/wp:paragraph --><!-- wp:paragraph --><\/span><\/p>\n<p><span style=\"color: #000000;\"><strong>Objetivo General del PE.<\/strong><\/span><\/p>\n<p><span style=\"color: #000000;\"><!-- \/wp:paragraph --><!-- wp:paragraph --><\/span><\/p>\n<p><span style=\"color: #000000;\">Complementar estudios de continuidad a Licenciatura en Protecci\u00f3n Civil y Emergencias obteniendo habilidades y aptitudes para coordinar la operaci\u00f3n de servicios de emergencia y de protecci\u00f3n civil, con base en el an\u00e1lisis de los riesgos de los agentes y fen\u00f3menos perturbadores, planes y acciones de intervenci\u00f3n, herramientas administrativas y la normatividad aplicable, para disminuir la morbi-mortalidad y el impacto econ\u00f3mico, social y ecol\u00f3gico.<\/span><\/p>\n<p><span style=\"color: #000000;\"><!-- \/wp:paragraph --><!-- wp:paragraph --><\/span><\/p>\n<p><span style=\"color: #000000;\"><strong>Campo Laboral.<\/strong><\/span><\/p>\n<p><span style=\"color: #000000;\"><!-- \/wp:paragraph --><!-- wp:paragraph --><\/span><\/p>\n<p><span style=\"color: #000000;\">Empresas de servicio como hoteles, hospitales, ambulancias, atenci\u00f3n de pacientes y traslados, entre otros. Desarrollar tu propia empresa de protecci\u00f3n civil y preparaci\u00f3n de poblaciones generales y espec\u00edficas ante emergencias menores y desastres.<\/span><\/p>\n<!-- \/wp:paragraph --><!-- wp:image {\"id\":373} -->\n<figure class=\"wp-block-image\"><\/figure>\n<!-- \/wp:image -->\t\t\t\t\t\t<\/div>\n\t\t\t\t<\/div>\n\t\t\t\t\t<\/div>\n\t\t<\/div>\n\t\t\t\t\t\t\t<\/div>\n\t\t<\/section>\n\t\t\t\t<section class=\"elementor-section elementor-top-section elementor-element elementor-element-8331605 elementor-section-boxed elementor-section-height-default elementor-section-height-default\" data-id=\"8331605\" data-element_type=\"section\">\n\t\t\t\t\t\t<div class=\"elementor-container elementor-column-gap-default\">\n\t\t\t\t\t<div class=\"elementor-column elementor-col-100 elementor-top-column elementor-element elementor-element-1f84090\" data-id=\"1f84090\" data-element_type=\"column\">\n\t\t\t<div class=\"elementor-widget-wrap elementor-element-populated\">\n\t\t\t\t\t\t\t\t<div class=\"elementor-element elementor-element-f4807cd elementor-widget elementor-widget-image\" data-id=\"f4807cd\" data-element_type=\"widget\" data-widget_type=\"image.default\">\n\t\t\t\t<div class=\"elementor-widget-container\">\n\t\t\t<style>\/*! elementor - v3.6.5 - 27-04-2022 *\/\n.elementor-widget-image{text-align:center}.elementor-widget-image a{display:inline-block}.elementor-widget-image a img[src$=\".svg\"]{width:48px}.elementor-widget-image img{vertical-align:middle;display:inline-block}<\/style>\t\t\t\t\t\t\t\t\t\t\t\t<img loading=\"lazy\" decoding=\"async\" width=\"771\" height=\"449\" src=\"https:\/\/virtual.utrng.edu.mx\/wp-content\/uploads\/2022\/07\/image-8.png\" class=\"attachment-large size-large\" alt=\"\" srcset=\"https:\/\/virtual.utrng.edu.mx\/wp-content\/uploads\/2022\/07\/image-8.png 771w, https:\/\/virtual.utrng.edu.mx\/wp-content\/uploads\/2022\/07\/image-8-300x175.png 300w, https:\/\/virtual.utrng.edu.mx\/wp-content\/uploads\/2022\/07\/image-8-768x447.png 768w\" sizes=\"auto, (max-width: 771px) 100vw, 771px\" \/>\t\t\t\t\t\t\t\t\t\t\t\t\t\t\t<\/div>\n\t\t\t\t<\/div>\n\t\t\t\t\t<\/div>\n\t\t<\/div>\n\t\t\t\t\t\t\t<\/div>\n\t\t<\/section>\n\t\t\t\t\t\t\t<\/div>\n\t\t","protected":false},"excerpt":{"rendered":"<p>Competencias Profesionales Licenciatura en Protecci\u00f3n Civil Y Emergencias Como profesional te podr\u00e1s desempe\u00f1ar en empresas p\u00fablicas y privadas donde se acumulen trabajadores y por la naturaleza de su trabajo signifiquen riesgo a las personas, adem\u00e1s empresas dedicadas a la protecci\u00f3n civil, emergencias y desastres, construcci\u00f3n, seguridad e higiene, b\u00fasqueda y rescate, escuelas, lugares de esparcimiento, [&hellip;]<\/p>\n","protected":false},"author":2,"featured_media":0,"parent":0,"menu_order":0,"comment_status":"closed","ping_status":"closed","template":"","meta":{"footnotes":""},"class_list":["post-142","page","type-page","status-publish","hentry"],"_links":{"self":[{"href":"https:\/\/virtual.utrng.edu.mx\/index.php?rest_route=\/wp\/v2\/pages\/142","targetHints":{"allow":["GET"]}}],"collection":[{"href":"https:\/\/virtual.utrng.edu.mx\/index.php?rest_route=\/wp\/v2\/pages"}],"about":[{"href":"https:\/\/virtual.utrng.edu.mx\/index.php?rest_route=\/wp\/v2\/types\/page"}],"author":[{"embeddable":true,"href":"https:\/\/virtual.utrng.edu.mx\/index.php?rest_route=\/wp\/v2\/users\/2"}],"replies":[{"embeddable":true,"href":"https:\/\/virtual.utrng.edu.mx\/index.php?rest_route=%2Fwp%2Fv2%2Fcomments&post=142"}],"version-history":[{"count":11,"href":"https:\/\/virtual.utrng.edu.mx\/index.php?rest_route=\/wp\/v2\/pages\/142\/revisions"}],"predecessor-version":[{"id":665,"href":"https:\/\/virtual.utrng.edu.mx\/index.php?rest_route=\/wp\/v2\/pages\/142\/revisions\/665"}],"wp:attachment":[{"href":"https:\/\/virtual.utrng.edu.mx\/index.php?rest_route=%2Fwp%2Fv2%2Fmedia&parent=142"}],"curies":[{"name":"wp","href":"https:\/\/api.w.org\/{rel}","templated":true}]}}