{"id":139,"date":"2022-06-28T15:45:37","date_gmt":"2022-06-28T15:45:37","guid":{"rendered":"http:\/\/virtual.utrng.edu.mx\/?page_id=139"},"modified":"2022-08-30T23:57:09","modified_gmt":"2022-08-31T04:57:09","slug":"lic-gestion-de-negocios","status":"publish","type":"page","link":"https:\/\/virtual.utrng.edu.mx\/?page_id=139","title":{"rendered":"Lic. Gesti\u00f3n De Negocios"},"content":{"rendered":"\t\t<div data-elementor-type=\"wp-page\" data-elementor-id=\"139\" class=\"elementor elementor-139\">\n\t\t\t\t\t\t\t\t\t<section class=\"elementor-section elementor-top-section elementor-element elementor-element-52d85b76 elementor-section-boxed elementor-section-height-default elementor-section-height-default\" data-id=\"52d85b76\" data-element_type=\"section\">\n\t\t\t\t\t\t<div class=\"elementor-container elementor-column-gap-default\">\n\t\t\t\t\t<div class=\"elementor-column elementor-col-100 elementor-top-column elementor-element elementor-element-2081b8a\" data-id=\"2081b8a\" data-element_type=\"column\">\n\t\t\t<div class=\"elementor-widget-wrap elementor-element-populated\">\n\t\t\t\t\t\t\t\t<div class=\"elementor-element elementor-element-35f9e00a elementor-widget elementor-widget-text-editor\" data-id=\"35f9e00a\" data-element_type=\"widget\" data-widget_type=\"text-editor.default\">\n\t\t\t\t<div class=\"elementor-widget-container\">\n\t\t\t<style>\/*! elementor - v3.6.5 - 27-04-2022 *\/\n.elementor-widget-text-editor.elementor-drop-cap-view-stacked .elementor-drop-cap{background-color:#818a91;color:#fff}.elementor-widget-text-editor.elementor-drop-cap-view-framed .elementor-drop-cap{color:#818a91;border:3px solid;background-color:transparent}.elementor-widget-text-editor:not(.elementor-drop-cap-view-default) .elementor-drop-cap{margin-top:8px}.elementor-widget-text-editor:not(.elementor-drop-cap-view-default) .elementor-drop-cap-letter{width:1em;height:1em}.elementor-widget-text-editor .elementor-drop-cap{float:left;text-align:center;line-height:1;font-size:50px}.elementor-widget-text-editor .elementor-drop-cap-letter{display:inline-block}<\/style>\t\t\t\t<!-- wp:heading {\"level\":1} -->\n<h1><span style=\"color: #000000;\">Competencias Profesionales<\/span><\/h1>\n<p><span style=\"color: #000000;\"><!-- \/wp:heading --><!-- wp:paragraph {\"align\":\"center\"} --><\/span><\/p>\n<p class=\"has-text-align-center\"><span style=\"color: #000000;\"><em>Licenciatura en Gesti\u00f3n de Negocios y Proyectos<\/em><\/span><\/p>\n<p><span style=\"color: #000000;\"><!-- \/wp:paragraph --><!-- wp:paragraph --><\/span><\/p>\n<p><span style=\"color: #000000;\">Las competencias profesionales son las destrezas y actitudes que permiten al licenciado desarrollar actividades en su \u00e1rea profesional, adaptarse a nuevas situaciones, as\u00ed como transferir, si es necesario, sus conocimientos, habilidades y actitudes a \u00e1reas profesionales pr\u00f3ximas.<\/span><\/p>\n<p><span style=\"color: #000000;\"><!-- \/wp:paragraph --><!-- wp:paragraph --><\/span><\/p>\n<p><span style=\"color: #000000;\"><strong>El Licenciado en Gesti\u00f3n de Negocios y Proyectos, podr\u00e1 desenvolverse en:<\/strong><\/span><\/p>\n<p><span style=\"color: #000000;\"><!-- \/wp:paragraph --><!-- wp:list --><\/span><\/p>\n<ul>\n<li><span style=\"color: #000000;\">Empresas privadas dedicadas a la producci\u00f3n y comercializaci\u00f3n de bienes o de servicios.<\/span><\/li>\n<li><span style=\"color: #000000;\">Empresas asociadas al sector financiero de apoyo y fomento a MiPyMES.<\/span><\/li>\n<li><span style=\"color: #000000;\">Empresas de consultor\u00eda empresarial y\/o gesti\u00f3n de proyectos.<\/span><\/li>\n<li><span style=\"color: #000000;\">Su propia empresa.<\/span><\/li>\n<li><span style=\"color: #000000;\">La prestaci\u00f3n de servicios profesionales de Consultor\u00eda Empresarial y de Proyectos de innovaci\u00f3n tecnol\u00f3gica, socioecon\u00f3micos y de sustentabilidad.<\/span><\/li>\n<li><span style=\"color: #000000;\">Instituciones gubernamentales de apoyo y fomento al desarrollo.<\/span><\/li>\n<li><span style=\"color: #000000;\">La administraci\u00f3n p\u00fablica en sus niveles de gobierno.<\/span><\/li>\n<li><span style=\"color: #000000;\">Organizaciones No Gubernamentales.<\/span><\/li>\n<\/ul>\n<p><span style=\"color: #000000;\"><!-- \/wp:list --><!-- wp:paragraph --><\/span><\/p>\n<p><span style=\"color: #000000;\"><strong>Competencias.<\/strong>El Licenciado en Gesti\u00f3n del Capital Humano cuenta con las competencias profesionales necesarias para su desempe\u00f1o en el campo laboral, en el \u00e1mbito local, regional y nacional.<\/span><\/p>\n<p><span style=\"color: #000000;\"><!-- \/wp:paragraph --><!-- wp:list --><\/span><\/p>\n<ul>\n<li><span style=\"color: #000000;\">Dirigir y gestionar el capital humano a trav\u00e9s de estrategias de desarrollo organizacional, modelos de trabajo, servicios de consultor\u00eda, administraci\u00f3n de sistemas de calidad y buenas pr\u00e1cticas organizacionales conforme al marco normativo vigente, \u00e9tica y valores, para contribuir al bienestar del personal y al incremento de la productividad de la organizaci\u00f3n.<\/span><\/li>\n<li><span style=\"color: #000000;\">Potenciar el capital humano mediante la implementaci\u00f3n de t\u00e9cnicas y herramientas de coaching, inteligencia emocional, an\u00e1lisis de brecha etaria, modelos de consultor\u00eda, gesti\u00f3n de personas, para contribuir al equilibrio entre el trabajo y vida personal en las organizaciones.<\/span><\/li>\n<li><span style=\"color: #000000;\">Desarrollar cursos de capacitaci\u00f3n tomando en cuenta los est\u00e1ndares aplicables de competencias laborales y metodolog\u00edas de la ense\u00f1anza, para fortalecer la competitividad del capital humano en las organizaciones.<\/span><\/li>\n<li><span style=\"color: #000000;\">Coordinar sistemas de gesti\u00f3n de la calidad a trav\u00e9s del dise\u00f1o de indicadores, control de registros, proceso de auditor\u00eda y uso de herramientas tecnol\u00f3gicas, con base en la normatividad aplicable, para la mejora continua de la organizaci\u00f3n.<\/span><\/li>\n<\/ul>\n<!-- \/wp:list --><!-- wp:image {\"id\":361} -->\n<figure class=\"wp-block-image\"><\/figure>\n<!-- \/wp:image -->\t\t\t\t\t\t<\/div>\n\t\t\t\t<\/div>\n\t\t\t\t\t<\/div>\n\t\t<\/div>\n\t\t\t\t\t\t\t<\/div>\n\t\t<\/section>\n\t\t\t\t<section class=\"elementor-section elementor-top-section elementor-element elementor-element-da6fe0c elementor-section-boxed elementor-section-height-default elementor-section-height-default\" data-id=\"da6fe0c\" data-element_type=\"section\">\n\t\t\t\t\t\t<div class=\"elementor-container elementor-column-gap-default\">\n\t\t\t\t\t<div class=\"elementor-column elementor-col-100 elementor-top-column elementor-element elementor-element-677f4fd\" data-id=\"677f4fd\" data-element_type=\"column\">\n\t\t\t<div class=\"elementor-widget-wrap elementor-element-populated\">\n\t\t\t\t\t\t\t\t<div class=\"elementor-element elementor-element-2d64512 elementor-widget elementor-widget-image\" data-id=\"2d64512\" data-element_type=\"widget\" data-widget_type=\"image.default\">\n\t\t\t\t<div class=\"elementor-widget-container\">\n\t\t\t<style>\/*! elementor - v3.6.5 - 27-04-2022 *\/\n.elementor-widget-image{text-align:center}.elementor-widget-image a{display:inline-block}.elementor-widget-image a img[src$=\".svg\"]{width:48px}.elementor-widget-image img{vertical-align:middle;display:inline-block}<\/style>\t\t\t\t\t\t\t\t\t\t\t\t<img loading=\"lazy\" decoding=\"async\" width=\"776\" height=\"449\" src=\"https:\/\/virtual.utrng.edu.mx\/wp-content\/uploads\/2022\/07\/image-6.png\" class=\"attachment-large size-large\" alt=\"\" srcset=\"https:\/\/virtual.utrng.edu.mx\/wp-content\/uploads\/2022\/07\/image-6.png 776w, https:\/\/virtual.utrng.edu.mx\/wp-content\/uploads\/2022\/07\/image-6-300x174.png 300w, https:\/\/virtual.utrng.edu.mx\/wp-content\/uploads\/2022\/07\/image-6-768x444.png 768w\" sizes=\"auto, (max-width: 776px) 100vw, 776px\" \/>\t\t\t\t\t\t\t\t\t\t\t\t\t\t\t<\/div>\n\t\t\t\t<\/div>\n\t\t\t\t\t<\/div>\n\t\t<\/div>\n\t\t\t\t\t\t\t<\/div>\n\t\t<\/section>\n\t\t\t\t\t\t\t<\/div>\n\t\t","protected":false},"excerpt":{"rendered":"<p>Competencias Profesionales Licenciatura en Gesti\u00f3n de Negocios y Proyectos Las competencias profesionales son las destrezas y actitudes que permiten al licenciado desarrollar actividades en su \u00e1rea profesional, adaptarse a nuevas situaciones, as\u00ed como transferir, si es necesario, sus conocimientos, habilidades y actitudes a \u00e1reas profesionales pr\u00f3ximas. El Licenciado en Gesti\u00f3n de Negocios y Proyectos, podr\u00e1 [&hellip;]<\/p>\n","protected":false},"author":2,"featured_media":0,"parent":0,"menu_order":0,"comment_status":"closed","ping_status":"closed","template":"","meta":{"footnotes":""},"class_list":["post-139","page","type-page","status-publish","hentry"],"_links":{"self":[{"href":"https:\/\/virtual.utrng.edu.mx\/index.php?rest_route=\/wp\/v2\/pages\/139","targetHints":{"allow":["GET"]}}],"collection":[{"href":"https:\/\/virtual.utrng.edu.mx\/index.php?rest_route=\/wp\/v2\/pages"}],"about":[{"href":"https:\/\/virtual.utrng.edu.mx\/index.php?rest_route=\/wp\/v2\/types\/page"}],"author":[{"embeddable":true,"href":"https:\/\/virtual.utrng.edu.mx\/index.php?rest_route=\/wp\/v2\/users\/2"}],"replies":[{"embeddable":true,"href":"https:\/\/virtual.utrng.edu.mx\/index.php?rest_route=%2Fwp%2Fv2%2Fcomments&post=139"}],"version-history":[{"count":8,"href":"https:\/\/virtual.utrng.edu.mx\/index.php?rest_route=\/wp\/v2\/pages\/139\/revisions"}],"predecessor-version":[{"id":668,"href":"https:\/\/virtual.utrng.edu.mx\/index.php?rest_route=\/wp\/v2\/pages\/139\/revisions\/668"}],"wp:attachment":[{"href":"https:\/\/virtual.utrng.edu.mx\/index.php?rest_route=%2Fwp%2Fv2%2Fmedia&parent=139"}],"curies":[{"name":"wp","href":"https:\/\/api.w.org\/{rel}","templated":true}]}}