{"id":136,"date":"2022-06-28T15:44:48","date_gmt":"2022-06-28T15:44:48","guid":{"rendered":"http:\/\/virtual.utrng.edu.mx\/?page_id=136"},"modified":"2022-08-30T23:25:32","modified_gmt":"2022-08-31T04:25:32","slug":"tsu-tecnologias-de-la-informacion","status":"publish","type":"page","link":"https:\/\/virtual.utrng.edu.mx\/?page_id=136","title":{"rendered":"TSU Tecnologias De la Informaci\u00f3n"},"content":{"rendered":"\t\t<div data-elementor-type=\"wp-page\" data-elementor-id=\"136\" class=\"elementor elementor-136\">\n\t\t\t\t\t\t\t\t\t<section class=\"elementor-section elementor-top-section elementor-element elementor-element-42934819 elementor-section-boxed elementor-section-height-default elementor-section-height-default\" data-id=\"42934819\" data-element_type=\"section\">\n\t\t\t\t\t\t<div class=\"elementor-container elementor-column-gap-default\">\n\t\t\t\t\t<div class=\"elementor-column elementor-col-100 elementor-top-column elementor-element elementor-element-16b7196f\" data-id=\"16b7196f\" data-element_type=\"column\">\n\t\t\t<div class=\"elementor-widget-wrap elementor-element-populated\">\n\t\t\t\t\t\t\t\t<div class=\"elementor-element elementor-element-11a2f685 elementor-widget elementor-widget-text-editor\" data-id=\"11a2f685\" data-element_type=\"widget\" data-widget_type=\"text-editor.default\">\n\t\t\t\t<div class=\"elementor-widget-container\">\n\t\t\t<style>\/*! elementor - v3.6.5 - 27-04-2022 *\/\n.elementor-widget-text-editor.elementor-drop-cap-view-stacked .elementor-drop-cap{background-color:#818a91;color:#fff}.elementor-widget-text-editor.elementor-drop-cap-view-framed .elementor-drop-cap{color:#818a91;border:3px solid;background-color:transparent}.elementor-widget-text-editor:not(.elementor-drop-cap-view-default) .elementor-drop-cap{margin-top:8px}.elementor-widget-text-editor:not(.elementor-drop-cap-view-default) .elementor-drop-cap-letter{width:1em;height:1em}.elementor-widget-text-editor .elementor-drop-cap{float:left;text-align:center;line-height:1;font-size:50px}.elementor-widget-text-editor .elementor-drop-cap-letter{display:inline-block}<\/style>\t\t\t\t<!-- wp:heading {\"level\":1} -->\n<h1><span style=\"color: #000000;\">Competencias Profesionales<\/span><\/h1>\n<p><span style=\"color: #000000;\"><!-- \/wp:heading --><!-- wp:paragraph --><\/span><\/p>\n<p><span style=\"color: #000000;\"><em>T\u00e9cnico Superior Universitario En Tecnolog\u00edas de la Informaci\u00f3n \u00e1rea Desarrollo de Software Multiplataforma<\/em><\/span><\/p>\n<p><span style=\"color: #000000;\"><!-- \/wp:paragraph --><!-- wp:paragraph --><\/span><\/p>\n<p><span style=\"color: #000000;\">Las competencias profesionales son las destrezas y actitudes que permiten al T\u00e9cnico Superior Universitario desarrollar actividades en su \u00e1rea profesional, adaptarse a nuevas situaciones, as\u00ed como transferir, si es necesario, sus conocimientos, habilidades y actitudes a \u00e1reas profesionales pr\u00f3ximas.<\/span><\/p>\n<p><span style=\"color: #000000;\"><!-- \/wp:paragraph --><!-- wp:paragraph --><\/span><\/p>\n<p><span style=\"color: #000000;\"><strong>Competencias Gen\u00e9ricas.<\/strong><\/span><\/p>\n<p><span style=\"color: #000000;\"><!-- \/wp:paragraph --><!-- wp:paragraph --><\/span><\/p>\n<p><span style=\"color: #000000;\">Desarrollar soluciones tecnol\u00f3gicas para entornos Web mediante fundamentos de programaci\u00f3n orientada a objetos, base de datos y redes de \u00e1rea local que atiendan las necesidades de las organizaciones.<\/span><\/p>\n<p><span style=\"color: #000000;\"><!-- \/wp:paragraph --><!-- wp:paragraph --><\/span><\/p>\n<p><span style=\"color: #000000;\"><strong>Competencias Espec\u00edficas.<\/strong><\/span><\/p>\n<p><span style=\"color: #000000;\"><!-- \/wp:paragraph --><!-- wp:paragraph --><\/span><\/p>\n<p><span style=\"color: #000000;\">Implementar soluciones multiplataforma, en la nube y software embebido, en entornos seguros mediante la adquisici\u00f3n y administraci\u00f3n de datos e ingenier\u00eda de software para contribuir a la automatizaci\u00f3n de los procesos en las organizaciones.<\/span><\/p>\n<p><span style=\"color: #000000;\"><!-- \/wp:paragraph --><!-- wp:paragraph --><\/span><\/p>\n<p><span style=\"color: #000000;\">Desarrollar sistemas de informaci\u00f3n empleando frameworks, patrones de dise\u00f1o y arquitecturas de desarrollo para generar soluciones multiplataforma, en la nube y software embebido.<\/span><\/p>\n<p><span style=\"color: #000000;\"><!-- \/wp:paragraph --><!-- wp:paragraph --><\/span><\/p>\n<p><span style=\"color: #000000;\"><strong>Perfil de Egreso.<\/strong><\/span><\/p>\n<p><span style=\"color: #000000;\"><!-- \/wp:paragraph --><!-- wp:list --><\/span><\/p>\n<ul>\n<li><span style=\"color: #000000;\">Organizaciones p\u00fablicas y privadas dedicadas al desarrollo y consultor\u00eda de software.<\/span><\/li>\n<li><span style=\"color: #000000;\">Organizaciones p\u00fablicas y privadas que cuenten con un \u00e1rea o departamento de TI.<\/span><\/li>\n<li><span style=\"color: #000000;\">En su propia empresa de integraci\u00f3n de soluciones de software.<\/span><\/li>\n<li><span style=\"color: #000000;\">En forma independiente mediante consultor\u00edas de bienes y servicios.<\/span><\/li>\n<\/ul>\n<!-- \/wp:list --><!-- wp:image {\"id\":369} -->\n<figure class=\"wp-block-image\"><\/figure>\n<!-- \/wp:image -->\t\t\t\t\t\t<\/div>\n\t\t\t\t<\/div>\n\t\t\t\t\t<\/div>\n\t\t<\/div>\n\t\t\t\t\t\t\t<\/div>\n\t\t<\/section>\n\t\t\t\t<section class=\"elementor-section elementor-top-section elementor-element elementor-element-740bf97 elementor-section-boxed elementor-section-height-default elementor-section-height-default\" data-id=\"740bf97\" data-element_type=\"section\">\n\t\t\t\t\t\t<div class=\"elementor-container elementor-column-gap-default\">\n\t\t\t\t\t<div class=\"elementor-column elementor-col-100 elementor-top-column elementor-element elementor-element-4d94ec1\" data-id=\"4d94ec1\" data-element_type=\"column\">\n\t\t\t<div class=\"elementor-widget-wrap elementor-element-populated\">\n\t\t\t\t\t\t\t\t<div class=\"elementor-element elementor-element-16f5bc5 elementor-widget elementor-widget-image\" data-id=\"16f5bc5\" data-element_type=\"widget\" data-widget_type=\"image.default\">\n\t\t\t\t<div class=\"elementor-widget-container\">\n\t\t\t<style>\/*! elementor - v3.6.5 - 27-04-2022 *\/\n.elementor-widget-image{text-align:center}.elementor-widget-image a{display:inline-block}.elementor-widget-image a img[src$=\".svg\"]{width:48px}.elementor-widget-image img{vertical-align:middle;display:inline-block}<\/style>\t\t\t\t\t\t\t\t\t\t\t\t<img loading=\"lazy\" decoding=\"async\" width=\"800\" height=\"450\" src=\"https:\/\/virtual.utrng.edu.mx\/wp-content\/uploads\/2022\/08\/negocios_tsu-1024x576.jpg\" class=\"attachment-large size-large\" alt=\"\" srcset=\"https:\/\/virtual.utrng.edu.mx\/wp-content\/uploads\/2022\/08\/negocios_tsu-1024x576.jpg 1024w, https:\/\/virtual.utrng.edu.mx\/wp-content\/uploads\/2022\/08\/negocios_tsu-300x169.jpg 300w, https:\/\/virtual.utrng.edu.mx\/wp-content\/uploads\/2022\/08\/negocios_tsu-768x432.jpg 768w, https:\/\/virtual.utrng.edu.mx\/wp-content\/uploads\/2022\/08\/negocios_tsu.jpg 1280w\" sizes=\"auto, (max-width: 800px) 100vw, 800px\" \/>\t\t\t\t\t\t\t\t\t\t\t\t\t\t\t<\/div>\n\t\t\t\t<\/div>\n\t\t\t\t\t<\/div>\n\t\t<\/div>\n\t\t\t\t\t\t\t<\/div>\n\t\t<\/section>\n\t\t\t\t<section class=\"elementor-section elementor-top-section elementor-element elementor-element-4352794 elementor-section-boxed elementor-section-height-default elementor-section-height-default\" data-id=\"4352794\" data-element_type=\"section\">\n\t\t\t\t\t\t<div class=\"elementor-container elementor-column-gap-default\">\n\t\t\t\t\t<div class=\"elementor-column elementor-col-100 elementor-top-column elementor-element elementor-element-47086b8\" data-id=\"47086b8\" data-element_type=\"column\">\n\t\t\t<div class=\"elementor-widget-wrap elementor-element-populated\">\n\t\t\t\t\t\t\t\t<div class=\"elementor-element elementor-element-0320040 elementor-widget elementor-widget-image\" data-id=\"0320040\" data-element_type=\"widget\" data-widget_type=\"image.default\">\n\t\t\t\t<div class=\"elementor-widget-container\">\n\t\t\t\t\t\t\t\t\t\t\t\t\t\t\t<img loading=\"lazy\" decoding=\"async\" width=\"800\" height=\"534\" src=\"https:\/\/virtual.utrng.edu.mx\/wp-content\/uploads\/2022\/08\/TICS_28062022-scaled-1-1024x683.jpg\" class=\"attachment-large size-large\" alt=\"\" srcset=\"https:\/\/virtual.utrng.edu.mx\/wp-content\/uploads\/2022\/08\/TICS_28062022-scaled-1-1024x683.jpg 1024w, https:\/\/virtual.utrng.edu.mx\/wp-content\/uploads\/2022\/08\/TICS_28062022-scaled-1-300x200.jpg 300w, https:\/\/virtual.utrng.edu.mx\/wp-content\/uploads\/2022\/08\/TICS_28062022-scaled-1-768x512.jpg 768w, https:\/\/virtual.utrng.edu.mx\/wp-content\/uploads\/2022\/08\/TICS_28062022-scaled-1-1536x1024.jpg 1536w, https:\/\/virtual.utrng.edu.mx\/wp-content\/uploads\/2022\/08\/TICS_28062022-scaled-1-2048x1366.jpg 2048w\" sizes=\"auto, (max-width: 800px) 100vw, 800px\" \/>\t\t\t\t\t\t\t\t\t\t\t\t\t\t\t<\/div>\n\t\t\t\t<\/div>\n\t\t\t\t\t<\/div>\n\t\t<\/div>\n\t\t\t\t\t\t\t<\/div>\n\t\t<\/section>\n\t\t\t\t\t\t\t<\/div>\n\t\t","protected":false},"excerpt":{"rendered":"<p>Competencias Profesionales T\u00e9cnico Superior Universitario En Tecnolog\u00edas de la Informaci\u00f3n \u00e1rea Desarrollo de Software Multiplataforma Las competencias profesionales son las destrezas y actitudes que permiten al T\u00e9cnico Superior Universitario desarrollar actividades en su \u00e1rea profesional, adaptarse a nuevas situaciones, as\u00ed como transferir, si es necesario, sus conocimientos, habilidades y actitudes a \u00e1reas profesionales pr\u00f3ximas. Competencias [&hellip;]<\/p>\n","protected":false},"author":2,"featured_media":0,"parent":0,"menu_order":0,"comment_status":"closed","ping_status":"closed","template":"","meta":{"footnotes":""},"class_list":["post-136","page","type-page","status-publish","hentry"],"_links":{"self":[{"href":"https:\/\/virtual.utrng.edu.mx\/index.php?rest_route=\/wp\/v2\/pages\/136","targetHints":{"allow":["GET"]}}],"collection":[{"href":"https:\/\/virtual.utrng.edu.mx\/index.php?rest_route=\/wp\/v2\/pages"}],"about":[{"href":"https:\/\/virtual.utrng.edu.mx\/index.php?rest_route=\/wp\/v2\/types\/page"}],"author":[{"embeddable":true,"href":"https:\/\/virtual.utrng.edu.mx\/index.php?rest_route=\/wp\/v2\/users\/2"}],"replies":[{"embeddable":true,"href":"https:\/\/virtual.utrng.edu.mx\/index.php?rest_route=%2Fwp%2Fv2%2Fcomments&post=136"}],"version-history":[{"count":8,"href":"https:\/\/virtual.utrng.edu.mx\/index.php?rest_route=\/wp\/v2\/pages\/136\/revisions"}],"predecessor-version":[{"id":633,"href":"https:\/\/virtual.utrng.edu.mx\/index.php?rest_route=\/wp\/v2\/pages\/136\/revisions\/633"}],"wp:attachment":[{"href":"https:\/\/virtual.utrng.edu.mx\/index.php?rest_route=%2Fwp%2Fv2%2Fmedia&parent=136"}],"curies":[{"name":"wp","href":"https:\/\/api.w.org\/{rel}","templated":true}]}}