{"id":130,"date":"2022-06-28T15:43:28","date_gmt":"2022-06-28T15:43:28","guid":{"rendered":"http:\/\/virtual.utrng.edu.mx\/?page_id=130"},"modified":"2022-08-30T23:50:35","modified_gmt":"2022-08-31T04:50:35","slug":"tsu-en-administracion","status":"publish","type":"page","link":"https:\/\/virtual.utrng.edu.mx\/?page_id=130","title":{"rendered":"TSU en Administraci\u00f3n"},"content":{"rendered":"\t\t<div data-elementor-type=\"wp-page\" data-elementor-id=\"130\" class=\"elementor elementor-130\">\n\t\t\t\t\t\t\t\t\t<section class=\"elementor-section elementor-top-section elementor-element elementor-element-47da5b5a elementor-section-boxed elementor-section-height-default elementor-section-height-default\" data-id=\"47da5b5a\" data-element_type=\"section\">\n\t\t\t\t\t\t<div class=\"elementor-container elementor-column-gap-default\">\n\t\t\t\t\t<div class=\"elementor-column elementor-col-100 elementor-top-column elementor-element elementor-element-681aafa3\" data-id=\"681aafa3\" data-element_type=\"column\">\n\t\t\t<div class=\"elementor-widget-wrap elementor-element-populated\">\n\t\t\t\t\t\t\t\t<div class=\"elementor-element elementor-element-50655574 elementor-widget elementor-widget-text-editor\" data-id=\"50655574\" data-element_type=\"widget\" data-widget_type=\"text-editor.default\">\n\t\t\t\t<div class=\"elementor-widget-container\">\n\t\t\t<style>\/*! elementor - v3.6.5 - 27-04-2022 *\/\n.elementor-widget-text-editor.elementor-drop-cap-view-stacked .elementor-drop-cap{background-color:#818a91;color:#fff}.elementor-widget-text-editor.elementor-drop-cap-view-framed .elementor-drop-cap{color:#818a91;border:3px solid;background-color:transparent}.elementor-widget-text-editor:not(.elementor-drop-cap-view-default) .elementor-drop-cap{margin-top:8px}.elementor-widget-text-editor:not(.elementor-drop-cap-view-default) .elementor-drop-cap-letter{width:1em;height:1em}.elementor-widget-text-editor .elementor-drop-cap{float:left;text-align:center;line-height:1;font-size:50px}.elementor-widget-text-editor .elementor-drop-cap-letter{display:inline-block}<\/style>\t\t\t\t<!-- wp:heading {\"level\":1} -->\n<h1><span style=\"color: #000000;\">Competencias Profesionales<\/span><\/h1>\n<p><span style=\"color: #000000;\"><!-- \/wp:heading --><!-- wp:paragraph --><\/span><\/p>\n<p><span style=\"color: #000000;\"><em>Tecnico Superior Universitario en Administraci\u00f3n<\/em><\/span><\/p>\n<p><span style=\"color: #000000;\"><!-- \/wp:paragraph --><!-- wp:list --><\/span><\/p>\n<ul>\n<li><span style=\"color: #000000;\">Administrar los recursos de las organizaciones, mediante la aplicaci\u00f3n de metodolog\u00edas y tecnol\u00f3gicas de planeaci\u00f3n estrat\u00e9gica, financieras, mercadotecnia y gesti\u00f3n de calidad para contribuir a su desarrollo econ\u00f3mico, social y ambiental de su entorno.<\/span><\/li>\n<li><span style=\"color: #000000;\">Formular la planeaci\u00f3n estrat\u00e9gica organizacional haciendo uso de t\u00e9cnicas de diagn\u00f3stico, aplicaci\u00f3n de los procesos administrativos y mercadol\u00f3gico para la optimizaci\u00f3n de recursos.<\/span><\/li>\n<li><span style=\"color: #000000;\">Evaluar la informaci\u00f3n financiera integral utilizando t\u00e9cnicas de registro contable y m\u00e9todos de an\u00e1lisis financiero para la toma de decisiones.<\/span><\/li>\n<li><span style=\"color: #000000;\">Implementar sistemas de calidad a trav\u00e9s de la aplicaci\u00f3n de normas y est\u00e1ndares nacionales e internacionales, con un enfoque sustentable para el desarrollo de la organizaci\u00f3n y de su entorno.<\/span><\/li>\n<\/ul>\n<p><span style=\"color: #000000;\"><!-- \/wp:list --><!-- wp:paragraph --><\/span><\/p>\n<p><span style=\"color: #000000;\">Mision.<\/span><\/p>\n<p><span style=\"color: #000000;\"><!-- \/wp:paragraph --><!-- wp:paragraph --><\/span><\/p>\n<p><span style=\"color: #000000;\">Formar t\u00e9cnicos superiores universitarios con competencias profesionales innovadoras, capaces de formular, evaluar, planear y proponer proyectos econ\u00f3micos para ayudar el logro de los objetivos del sector productivo.<\/span><\/p>\n<p><span style=\"color: #000000;\"><!-- \/wp:paragraph --><!-- wp:paragraph --><\/span><\/p>\n<p><span style=\"color: #000000;\"><strong>Capacidades Y Habilidades<\/strong><\/span><\/p>\n<p><span style=\"color: #000000;\"><!-- \/wp:paragraph --><!-- wp:paragraph --><\/span><\/p>\n<p><span style=\"color: #000000;\">Desarrollar y fortalecer las habilidades instrumentales, interpersonales, sist\u00e9micas y gerenciales para comunicarse en un segundo idioma.<\/span><\/p>\n<p><span style=\"color: #000000;\"><!-- \/wp:paragraph --><!-- wp:paragraph --><\/span><\/p>\n<p><span style=\"color: #000000;\"><strong>El T\u00e9cnico Superior Universitario en Administraci\u00f3n \u00e1rea Capital Humano, podr\u00e1 desenvolverse en:<\/strong><\/span><\/p>\n<p><span style=\"color: #000000;\"><!-- \/wp:paragraph --><!-- wp:list --><\/span><\/p>\n<ul>\n<li><span style=\"color: #000000;\">Empresas p\u00fablicas y privadas.<\/span><\/li>\n<li><span style=\"color: #000000;\">Empresas grandes, medianas y microempresas.<\/span><\/li>\n<li><span style=\"color: #000000;\">Empresas de consultor\u00eda en materia de capital humano.<\/span><\/li>\n<li><span style=\"color: #000000;\">Instituciones privadas sin fines de lucro.<\/span><\/li>\n<li><span style=\"color: #000000;\">Instituciones no gubernamentales.<\/span><\/li>\n<li><span style=\"color: #000000;\">Instituciones especializadas en capital humano.<\/span><\/li>\n<li><span style=\"color: #000000;\">Su propia empresa.<\/span><\/li>\n<\/ul>\n<!-- \/wp:list --><!-- wp:image {\"id\":356} -->\n<figure class=\"wp-block-image\"><\/figure>\n<!-- \/wp:image -->\t\t\t\t\t\t<\/div>\n\t\t\t\t<\/div>\n\t\t\t\t\t<\/div>\n\t\t<\/div>\n\t\t\t\t\t\t\t<\/div>\n\t\t<\/section>\n\t\t\t\t<section class=\"elementor-section elementor-top-section elementor-element elementor-element-2150846 elementor-section-boxed elementor-section-height-default elementor-section-height-default\" data-id=\"2150846\" data-element_type=\"section\">\n\t\t\t\t\t\t<div class=\"elementor-container elementor-column-gap-default\">\n\t\t\t\t\t<div class=\"elementor-column elementor-col-100 elementor-top-column elementor-element elementor-element-4837316\" data-id=\"4837316\" data-element_type=\"column\">\n\t\t\t<div class=\"elementor-widget-wrap elementor-element-populated\">\n\t\t\t\t\t\t\t\t<div class=\"elementor-element elementor-element-ba3fb7a elementor-widget elementor-widget-image\" data-id=\"ba3fb7a\" data-element_type=\"widget\" data-widget_type=\"image.default\">\n\t\t\t\t<div class=\"elementor-widget-container\">\n\t\t\t<style>\/*! elementor - v3.6.5 - 27-04-2022 *\/\n.elementor-widget-image{text-align:center}.elementor-widget-image a{display:inline-block}.elementor-widget-image a img[src$=\".svg\"]{width:48px}.elementor-widget-image img{vertical-align:middle;display:inline-block}<\/style>\t\t\t\t\t\t\t\t\t\t\t\t<img loading=\"lazy\" decoding=\"async\" width=\"765\" height=\"416\" src=\"https:\/\/virtual.utrng.edu.mx\/wp-content\/uploads\/2022\/07\/image-5.png\" class=\"attachment-large size-large\" alt=\"\" srcset=\"https:\/\/virtual.utrng.edu.mx\/wp-content\/uploads\/2022\/07\/image-5.png 765w, https:\/\/virtual.utrng.edu.mx\/wp-content\/uploads\/2022\/07\/image-5-300x163.png 300w\" sizes=\"auto, (max-width: 765px) 100vw, 765px\" \/>\t\t\t\t\t\t\t\t\t\t\t\t\t\t\t<\/div>\n\t\t\t\t<\/div>\n\t\t\t\t\t<\/div>\n\t\t<\/div>\n\t\t\t\t\t\t\t<\/div>\n\t\t<\/section>\n\t\t\t\t\t\t\t<\/div>\n\t\t","protected":false},"excerpt":{"rendered":"<p>Competencias Profesionales Tecnico Superior Universitario en Administraci\u00f3n Administrar los recursos de las organizaciones, mediante la aplicaci\u00f3n de metodolog\u00edas y tecnol\u00f3gicas de planeaci\u00f3n estrat\u00e9gica, financieras, mercadotecnia y gesti\u00f3n de calidad para contribuir a su desarrollo econ\u00f3mico, social y ambiental de su entorno. Formular la planeaci\u00f3n estrat\u00e9gica organizacional haciendo uso de t\u00e9cnicas de diagn\u00f3stico, aplicaci\u00f3n de los [&hellip;]<\/p>\n","protected":false},"author":2,"featured_media":0,"parent":0,"menu_order":0,"comment_status":"closed","ping_status":"closed","template":"","meta":{"footnotes":""},"class_list":["post-130","page","type-page","status-publish","hentry"],"_links":{"self":[{"href":"https:\/\/virtual.utrng.edu.mx\/index.php?rest_route=\/wp\/v2\/pages\/130","targetHints":{"allow":["GET"]}}],"collection":[{"href":"https:\/\/virtual.utrng.edu.mx\/index.php?rest_route=\/wp\/v2\/pages"}],"about":[{"href":"https:\/\/virtual.utrng.edu.mx\/index.php?rest_route=\/wp\/v2\/types\/page"}],"author":[{"embeddable":true,"href":"https:\/\/virtual.utrng.edu.mx\/index.php?rest_route=\/wp\/v2\/users\/2"}],"replies":[{"embeddable":true,"href":"https:\/\/virtual.utrng.edu.mx\/index.php?rest_route=%2Fwp%2Fv2%2Fcomments&post=130"}],"version-history":[{"count":8,"href":"https:\/\/virtual.utrng.edu.mx\/index.php?rest_route=\/wp\/v2\/pages\/130\/revisions"}],"predecessor-version":[{"id":654,"href":"https:\/\/virtual.utrng.edu.mx\/index.php?rest_route=\/wp\/v2\/pages\/130\/revisions\/654"}],"wp:attachment":[{"href":"https:\/\/virtual.utrng.edu.mx\/index.php?rest_route=%2Fwp%2Fv2%2Fmedia&parent=130"}],"curies":[{"name":"wp","href":"https:\/\/api.w.org\/{rel}","templated":true}]}}